{"id":38,"date":"2026-03-31T18:32:06","date_gmt":"2026-03-31T18:32:06","guid":{"rendered":"https:\/\/sistemasysoluciones.mx\/index.php\/home\/"},"modified":"2026-04-07T16:18:25","modified_gmt":"2026-04-07T16:18:25","slug":"home","status":"publish","type":"page","link":"https:\/\/sistemasysoluciones.mx\/","title":{"rendered":"Home"},"content":{"rendered":"\t\t<div data-elementor-type=\"wp-page\" data-elementor-id=\"38\" class=\"elementor elementor-38\">\n\t\t\t\t<div class=\"elementor-element elementor-element-d5cfde3 e-flex e-con-boxed e-con e-parent\" data-id=\"d5cfde3\" data-element_type=\"container\" data-e-type=\"container\" data-settings=\"{&quot;background_background&quot;:&quot;classic&quot;}\">\n\t\t\t\t\t<div class=\"e-con-inner\">\n\t\t\t\t<div class=\"elementor-element elementor-element-3ecd55be elementor-widget__width-initial elementor-absolute elementor-invisible elementor-widget elementor-widget-heading\" data-id=\"3ecd55be\" data-element_type=\"widget\" data-e-type=\"widget\" data-settings=\"{&quot;_animation&quot;:&quot;fadeIn&quot;,&quot;_position&quot;:&quot;absolute&quot;}\" data-widget_type=\"heading.default\">\n\t\t\t\t\t<h1 class=\"elementor-heading-title elementor-size-default\">Consultores en Tecnolog\u00eda Empresarial y Sistemas para el Cumplimiento Fiscal<\/h1>\t\t\t\t<\/div>\n\t\t\t\t<div class=\"elementor-element elementor-element-32b3f1bc elementor-absolute elementor-invisible elementor-widget elementor-widget-heading\" data-id=\"32b3f1bc\" data-element_type=\"widget\" data-e-type=\"widget\" data-settings=\"{&quot;_animation&quot;:&quot;fadeIn&quot;,&quot;_position&quot;:&quot;absolute&quot;}\" data-widget_type=\"heading.default\">\n\t\t\t\t\t<h5 class=\"elementor-heading-title elementor-size-default\"><b>+20<\/b> <b>a\u00f1os<\/b> de experiencia<\/h5>\t\t\t\t<\/div>\n\t\t\t\t\t\t\t\n\t\t<img class=\"e-image-base \" \n\t\t\t\t\tdata-interaction-id=\"b585fd8\" \n\t\t \n\t\t \n\t\t\t\t\t\t\t\t\tsrc=\"https:\/\/sistemasysoluciones.mx\/wp-content\/plugins\/elementor\/assets\/images\/placeholder-v4.svg\"\n\t\t\t\t\t\t\/>\n\t\t\t\t\t\t\t\t\n\t\t<img class=\"e-image-base e-781ad15-77cd025\" \n\t\t\t\t\tdata-interaction-id=\"781ad15\" \n\t\t \n\t\t \n\t\t\t\t\t\t\t\t\tid=\"7\"\n\t\t\t\t\t\t\t\t\t\t\t\tsrc=\"https:\/\/sistemasysoluciones.mx\/wp-content\/uploads\/2026\/03\/Pagina-Sysol.png\"\n\t\t\t\t\t\t\t\t\t\t\t\twidth=\"1920\"\n\t\t\t\t\t\t\t\t\t\t\t\theight=\"1080\"\n\t\t\t\t\t\t\t\t\t\t\t\tsrcset=\"https:\/\/sistemasysoluciones.mx\/wp-content\/uploads\/2026\/03\/Pagina-Sysol.png 1920w, https:\/\/sistemasysoluciones.mx\/wp-content\/uploads\/2026\/03\/Pagina-Sysol-300x169.png 300w, https:\/\/sistemasysoluciones.mx\/wp-content\/uploads\/2026\/03\/Pagina-Sysol-1024x576.png 1024w, https:\/\/sistemasysoluciones.mx\/wp-content\/uploads\/2026\/03\/Pagina-Sysol-768x432.png 768w, https:\/\/sistemasysoluciones.mx\/wp-content\/uploads\/2026\/03\/Pagina-Sysol-1536x864.png 1536w\"\n\t\t\t\t\t\t\t\t\t\t\t\talt=\"\"\n\t\t\t\t\t\t\/>\n\t\t\t\t\t\t\t\t\n\t\t<img class=\"e-image-base e-c39978f-32afa2f\" \n\t\t\t\t\tdata-interaction-id=\"c39978f\" \n\t\t \n\t\t \n\t\t\t\t\t\t\t\t\tid=\"7\"\n\t\t\t\t\t\t\t\t\t\t\t\tsrc=\"https:\/\/sistemasysoluciones.mx\/wp-content\/uploads\/2026\/03\/Pagina-Sysol.png\"\n\t\t\t\t\t\t\t\t\t\t\t\twidth=\"1920\"\n\t\t\t\t\t\t\t\t\t\t\t\theight=\"1080\"\n\t\t\t\t\t\t\t\t\t\t\t\tsrcset=\"https:\/\/sistemasysoluciones.mx\/wp-content\/uploads\/2026\/03\/Pagina-Sysol.png 1920w, https:\/\/sistemasysoluciones.mx\/wp-content\/uploads\/2026\/03\/Pagina-Sysol-300x169.png 300w, https:\/\/sistemasysoluciones.mx\/wp-content\/uploads\/2026\/03\/Pagina-Sysol-1024x576.png 1024w, https:\/\/sistemasysoluciones.mx\/wp-content\/uploads\/2026\/03\/Pagina-Sysol-768x432.png 768w, https:\/\/sistemasysoluciones.mx\/wp-content\/uploads\/2026\/03\/Pagina-Sysol-1536x864.png 1536w\"\n\t\t\t\t\t\t\t\t\t\t\t\talt=\"\"\n\t\t\t\t\t\t\/>\n\t\t\t\t\t<div class=\"elementor-element elementor-element-51405a9 elementor-widget__width-initial elementor-absolute elementor-invisible elementor-widget elementor-widget-heading\" data-id=\"51405a9\" data-element_type=\"widget\" data-e-type=\"widget\" data-settings=\"{&quot;_animation&quot;:&quot;fadeIn&quot;,&quot;_position&quot;:&quot;absolute&quot;}\" data-widget_type=\"heading.default\">\n\t\t\t\t\t<h5 class=\"elementor-heading-title elementor-size-default\">Presencia Nacional | Variedad de Soluciones | T\u00e9cnicos Certificados<\/h5>\t\t\t\t<\/div>\n\t\t\t\t\t<\/div>\n\t\t\t\t<\/div>\n\t\t<div class=\"elementor-element elementor-element-4a9608c e-flex e-con-boxed e-con e-parent\" data-id=\"4a9608c\" data-element_type=\"container\" data-e-type=\"container\">\n\t\t\t\t\t<div class=\"e-con-inner\">\n\t\t<div class=\"elementor-element elementor-element-45821fa e-con-full e-flex e-con e-child\" data-id=\"45821fa\" data-element_type=\"container\" data-e-type=\"container\">\n\t\t\t\t\t    \t            <button class=\"e-6a06094-ad0953d e-button-base\" data-interaction-id=\"6a06094\"  >\n            <strong id=\"e-mnf3pnt1-xe8grk7\">PRODUCTOS CONTPAQi<\/strong>\n        <\/button>\n    \t\t\t\t<\/div>\n\t\t<div class=\"elementor-element elementor-element-d407714 e-con-full e-flex e-con e-child\" data-id=\"d407714\" data-element_type=\"container\" data-e-type=\"container\">\n\t\t\t\t\t    \t            <button class=\"e-2bddd07-85d2a72 e-button-base\" data-interaction-id=\"2bddd07\"  >\n            <strong id=\"e-mnf3pp36-opta1fd\">CURSOS Y SEMINARIOS<br><\/strong>\n        <\/button>\n    \t\t\t\t<\/div>\n\t\t<div class=\"elementor-element elementor-element-80f807d e-con-full e-flex e-con e-child\" data-id=\"80f807d\" data-element_type=\"container\" data-e-type=\"container\">\n\t\t\t\t\t    \t            <button class=\"e-2cef037-2dcc9e2 e-button-base\" data-interaction-id=\"2cef037\"  >\n            <strong id=\"e-mnf3pqik-2qyrp2z\">SOPORTE T\u00c9CNICO<\/strong>\n        <\/button>\n    \t\t\t\t<\/div>\n\t\t<div class=\"elementor-element elementor-element-c61c9bc e-con-full e-flex e-con e-child\" data-id=\"c61c9bc\" data-element_type=\"container\" data-e-type=\"container\">\n\t\t\t\t\t    \t            <button class=\"e-c999e91-db37a22 e-button-base\" data-interaction-id=\"c999e91\"  >\n            <strong id=\"e-mnf3prpa-1g71eg9\">DISTRIBUIDORES SYSOL<\/strong>\n        <\/button>\n    \t\t\t\t<\/div>\n\t\t\t\t\t<\/div>\n\t\t\t\t<\/div>\n\t\t<div class=\"elementor-element elementor-element-ebdbb43 e-flex e-con-boxed e-con e-parent\" data-id=\"ebdbb43\" data-element_type=\"container\" data-e-type=\"container\">\n\t\t\t\t\t<div class=\"e-con-inner\">\n\t\t<div class=\"elementor-element elementor-element-b055d4c e-con-full e-flex e-con e-child\" data-id=\"b055d4c\" data-element_type=\"container\" data-e-type=\"container\" data-settings=\"{&quot;background_background&quot;:&quot;classic&quot;}\">\n\t\t\t\t\t\t\t\t<p class=\"e-1d891b3-45387fb e-paragraph-base\" data-interaction-id=\"1d891b3\"  >\n\t\t\t\t\t\t\t\tSoluciones inteligentes para Procesos Contables, Comerciales, Productividad, Nube y m\u00e1s.\n\t\t\t\t\t<\/p>\n\t\t\t\t<\/div>\n\t\t<div class=\"elementor-element elementor-element-242bff4 e-con-full e-flex e-con e-child\" data-id=\"242bff4\" data-element_type=\"container\" data-e-type=\"container\" data-settings=\"{&quot;background_background&quot;:&quot;classic&quot;}\">\n\t\t\t\t\t\t\t\t<p class=\"e-a693ddb-3e37663 e-paragraph-base\" data-interaction-id=\"a693ddb\"  >\n\t\t\t\t\t\t\t\tCapac\u00edtate con uno de nuestros cursos y seminarios a tu personal y haz tu empresa m\u00e1s productiva.\n\t\t\t\t\t<\/p>\n\t\t\t\t<div class=\"elementor-element elementor-element-7763b93 elementor-absolute elementor-invisible elementor-widget elementor-widget-heading\" data-id=\"7763b93\" data-element_type=\"widget\" data-e-type=\"widget\" data-settings=\"{&quot;_animation&quot;:&quot;fadeIn&quot;,&quot;_position&quot;:&quot;absolute&quot;}\" data-widget_type=\"heading.default\">\n\t\t\t\t\t<h5 class=\"elementor-heading-title elementor-size-default\">Capac\u00edtate con uno de nuestros cursos y seminarios a tu personal y haz tu empresa m\u00e1s productiva.<\/h5>\t\t\t\t<\/div>\n\t\t\t\t<\/div>\n\t\t<div class=\"elementor-element elementor-element-923fb6b e-con-full e-flex e-con e-child\" data-id=\"923fb6b\" data-element_type=\"container\" data-e-type=\"container\" data-settings=\"{&quot;background_background&quot;:&quot;classic&quot;}\">\n\t\t\t\t\t\t\t\t<p class=\"e-9329563-342c7ea e-paragraph-base\" data-interaction-id=\"9329563\"  >\n\t\t\t\t\t\t\t\tRecibe asesor\u00eda t\u00e9cnica personalizada y obt\u00e9n la soluci\u00f3n oportuna para tu empresa.\n\t\t\t\t\t<\/p>\n\t\t\t\t<\/div>\n\t\t<div class=\"elementor-element elementor-element-4122f7a e-con-full e-flex e-con e-child\" data-id=\"4122f7a\" data-element_type=\"container\" data-e-type=\"container\" data-settings=\"{&quot;background_background&quot;:&quot;classic&quot;}\">\n\t\t\t\t\t\t\t\t<p class=\"e-ddaa585-fdce2f5 e-paragraph-base\" data-interaction-id=\"ddaa585\"  >\n\t\t\t\t\t\t\t\tAcceso exclusivo para distribuidores, portal de distribuodres,  soluciones especiales y licenciamiento.\n\t\t\t\t\t<\/p>\n\t\t\t\t<\/div>\n\t\t\t\t\t<\/div>\n\t\t\t\t<\/div>\n\t\t<div class=\"elementor-element elementor-element-4c3cac6b e-flex e-con-boxed e-con e-parent\" data-id=\"4c3cac6b\" data-element_type=\"container\" data-e-type=\"container\">\n\t\t\t\t\t<div class=\"e-con-inner\">\n\t\t<div class=\"elementor-element elementor-element-34530233 e-con-full e-flex e-con e-child\" data-id=\"34530233\" data-element_type=\"container\" data-e-type=\"container\" data-settings=\"{&quot;background_background&quot;:&quot;classic&quot;}\">\n\t\t\t\t<\/div>\n\t\t<div class=\"elementor-element elementor-element-38737bf9 e-con-full e-flex e-con e-child\" data-id=\"38737bf9\" data-element_type=\"container\" data-e-type=\"container\">\n\t\t\t\t<div class=\"elementor-element elementor-element-4fa4a666 elementor-widget elementor-widget-heading\" data-id=\"4fa4a666\" data-element_type=\"widget\" data-e-type=\"widget\" data-widget_type=\"heading.default\">\n\t\t\t\t\t<h2 class=\"elementor-heading-title elementor-size-default\">About Our Company<\/h2>\t\t\t\t<\/div>\n\t\t\t\t<div class=\"elementor-element elementor-element-3e691c69 elementor-widget elementor-widget-text-editor\" data-id=\"3e691c69\" data-element_type=\"widget\" data-e-type=\"widget\" data-widget_type=\"text-editor.default\">\n\t\t\t\t\t\t\t\t\tUse this section to describe your company and the services you offer. You could share your company\u2019s story and details about why you are in business. The goal is to create a connection with the visitor and give them confidence to work with you.\t\t\t\t\t\t\t\t<\/div>\n\t\t\t\t<div class=\"elementor-element elementor-element-177f164e elementor-mobile-align-center elementor-tablet-align-center elementor-invisible elementor-widget elementor-widget-button\" data-id=\"177f164e\" data-element_type=\"widget\" data-e-type=\"widget\" data-settings=\"{&quot;_animation&quot;:&quot;fadeIn&quot;}\" data-widget_type=\"button.default\">\n\t\t\t\t\t\t\t\t\t\t<a class=\"elementor-button elementor-size-sm\" role=\"button\">\n\t\t\t\t\t\t<span class=\"elementor-button-content-wrapper\">\n\t\t\t\t\t\t\t\t\t<span class=\"elementor-button-text\">Our Story<\/span>\n\t\t\t\t\t<\/span>\n\t\t\t\t\t<\/a>\n\t\t\t\t\t\t\t\t<\/div>\n\t\t\t\t<\/div>\n\t\t\t\t\t<\/div>\n\t\t\t\t<\/div>\n\t\t<div class=\"elementor-element elementor-element-7ec971ec e-flex e-con-boxed e-con e-parent\" data-id=\"7ec971ec\" data-element_type=\"container\" data-e-type=\"container\">\n\t\t\t\t\t<div class=\"e-con-inner\">\n\t\t\t\t<div class=\"elementor-element elementor-element-6abcc723 elementor-widget elementor-widget-heading\" data-id=\"6abcc723\" data-element_type=\"widget\" data-e-type=\"widget\" data-widget_type=\"heading.default\">\n\t\t\t\t\t<h2 class=\"elementor-heading-title elementor-size-default\">Client Testimonials<\/h2>\t\t\t\t<\/div>\n\t\t<div class=\"elementor-element elementor-element-3e87c6c2 e-con-full e-flex e-con e-child\" data-id=\"3e87c6c2\" data-element_type=\"container\" data-e-type=\"container\">\n\t\t\t\t<div class=\"elementor-element elementor-element-240c4796 elementor-widget__width-initial elementor-widget-tablet__width-inherit elementor-widget elementor-widget-testimonial\" data-id=\"240c4796\" data-element_type=\"widget\" data-e-type=\"widget\" data-widget_type=\"testimonial.default\">\n\t\t\t\t\t\t\t<div class=\"elementor-testimonial-wrapper\">\n\t\t\t\t\t\t\t<div class=\"elementor-testimonial-content\">\u201cA testimonial from a client who benefited from your product or service. Testimonials can be a highly effective way of establishing credibility and increasing your company's reputation.\u201d<\/div>\n\t\t\t\n\t\t\t\t\t\t<div class=\"elementor-testimonial-meta elementor-has-image elementor-testimonial-image-position-aside\">\n\t\t\t\t<div class=\"elementor-testimonial-meta-inner\">\n\t\t\t\t\t\t\t\t\t\t\t<div class=\"elementor-testimonial-image\">\n\t\t\t\t\t\t\t<img decoding=\"async\" width=\"63\" height=\"63\" src=\"https:\/\/sistemasysoluciones.mx\/wp-content\/uploads\/2026\/03\/63x63.jpg\" class=\"attachment-full size-full wp-image-28\" alt=\"\" \/>\t\t\t\t\t\t<\/div>\n\t\t\t\t\t\n\t\t\t\t\t\t\t\t\t\t<div class=\"elementor-testimonial-details\">\n\t\t\t\t\t\t\t\t\t\t\t\t\t\t<div class=\"elementor-testimonial-name\">Client Name<\/div>\n\t\t\t\t\t\t\t\t\t\t\t\t\t\t\t\t\t\t\t<\/div>\n\t\t\t\t\t\t\t\t\t<\/div>\n\t\t\t<\/div>\n\t\t\t\t\t<\/div>\n\t\t\t\t\t\t<\/div>\n\t\t\t\t<div class=\"elementor-element elementor-element-63e03c6 elementor-widget__width-initial elementor-widget-tablet__width-inherit elementor-widget elementor-widget-testimonial\" data-id=\"63e03c6\" data-element_type=\"widget\" data-e-type=\"widget\" data-widget_type=\"testimonial.default\">\n\t\t\t\t\t\t\t<div class=\"elementor-testimonial-wrapper\">\n\t\t\t\t\t\t\t<div class=\"elementor-testimonial-content\">\u201cA testimonial from a client who benefited from your product or service. Testimonials can be a highly effective way of establishing credibility and increasing your company's reputation.\u201d<\/div>\n\t\t\t\n\t\t\t\t\t\t<div class=\"elementor-testimonial-meta elementor-has-image elementor-testimonial-image-position-aside\">\n\t\t\t\t<div class=\"elementor-testimonial-meta-inner\">\n\t\t\t\t\t\t\t\t\t\t\t<div class=\"elementor-testimonial-image\">\n\t\t\t\t\t\t\t<img decoding=\"async\" width=\"63\" height=\"63\" src=\"https:\/\/sistemasysoluciones.mx\/wp-content\/uploads\/2026\/03\/63x63.jpg\" class=\"attachment-full size-full wp-image-28\" alt=\"\" \/>\t\t\t\t\t\t<\/div>\n\t\t\t\t\t\n\t\t\t\t\t\t\t\t\t\t<div class=\"elementor-testimonial-details\">\n\t\t\t\t\t\t\t\t\t\t\t\t\t\t<div class=\"elementor-testimonial-name\">Client Name<\/div>\n\t\t\t\t\t\t\t\t\t\t\t\t\t\t\t\t\t\t\t<\/div>\n\t\t\t\t\t\t\t\t\t<\/div>\n\t\t\t<\/div>\n\t\t\t\t\t<\/div>\n\t\t\t\t\t\t<\/div>\n\t\t\t\t<div class=\"elementor-element elementor-element-7ff56a9e elementor-widget__width-initial elementor-widget-tablet__width-inherit elementor-widget elementor-widget-testimonial\" data-id=\"7ff56a9e\" data-element_type=\"widget\" data-e-type=\"widget\" data-widget_type=\"testimonial.default\">\n\t\t\t\t\t\t\t<div class=\"elementor-testimonial-wrapper\">\n\t\t\t\t\t\t\t<div class=\"elementor-testimonial-content\">\u201cA testimonial from a client who benefited from your product or service. Testimonials can be a highly effective way of establishing credibility and increasing your company's reputation.\u201d<\/div>\n\t\t\t\n\t\t\t\t\t\t<div class=\"elementor-testimonial-meta elementor-has-image elementor-testimonial-image-position-aside\">\n\t\t\t\t<div class=\"elementor-testimonial-meta-inner\">\n\t\t\t\t\t\t\t\t\t\t\t<div class=\"elementor-testimonial-image\">\n\t\t\t\t\t\t\t<img decoding=\"async\" width=\"63\" height=\"63\" src=\"https:\/\/sistemasysoluciones.mx\/wp-content\/uploads\/2026\/03\/63x63.jpg\" class=\"attachment-full size-full wp-image-28\" alt=\"\" \/>\t\t\t\t\t\t<\/div>\n\t\t\t\t\t\n\t\t\t\t\t\t\t\t\t\t<div class=\"elementor-testimonial-details\">\n\t\t\t\t\t\t\t\t\t\t\t\t\t\t<div class=\"elementor-testimonial-name\">Client Name<\/div>\n\t\t\t\t\t\t\t\t\t\t\t\t\t\t\t\t\t\t\t<\/div>\n\t\t\t\t\t\t\t\t\t<\/div>\n\t\t\t<\/div>\n\t\t\t\t\t<\/div>\n\t\t\t\t\t\t<\/div>\n\t\t\t\t<\/div>\n\t\t\t\t\t<\/div>\n\t\t\t\t<\/div>\n\t\t<div class=\"elementor-element elementor-element-77ccfb7a e-con-full e-flex e-con e-parent\" data-id=\"77ccfb7a\" data-element_type=\"container\" data-e-type=\"container\" data-settings=\"{&quot;background_background&quot;:&quot;classic&quot;}\">\n\t\t\t\t<div class=\"elementor-element elementor-element-764d0839 elementor-widget__width-initial elementor-widget-tablet__width-inherit elementor-widget elementor-widget-call-to-action\" data-id=\"764d0839\" data-element_type=\"widget\" data-e-type=\"widget\" data-widget_type=\"call-to-action.default\">\n\t\t\t\t<div class=\"elementor-widget-container\">\n\t\t\t\t\t \t\t\t\t<\/div>\n\t\t\t\t<\/div>\n\t\t\t\t<\/div>\n\t\t\t\t<div class=\"elementor-element elementor-element-7290d27 e-con e-atomic-element e-flexbox-base\" data-id=\"7290d27\" data-element_type=\"e-flexbox\" data-e-type=\"e-flexbox\" data-interaction-id=\"7290d27\">\n\t\t\t\t<\/div>\n\t\t\t\t<div class=\"elementor-element elementor-element-2e51fa6 e-con e-atomic-element e-flexbox-base\" data-id=\"2e51fa6\" data-element_type=\"e-flexbox\" data-e-type=\"e-flexbox\" data-interaction-id=\"2e51fa6\">\n\t\t\t\t\t\t\t\n\t\t<img class=\"e-image-base \" \n\t\t\t\t\tdata-interaction-id=\"ab25245\" \n\t\t \n\t\t \n\t\t\t\t\t\t\t\t\tsrc=\"https:\/\/sistemasysoluciones.mx\/wp-content\/plugins\/elementor\/assets\/images\/placeholder-v4.svg\"\n\t\t\t\t\t\t\/>\n\t\t\t\t\t<\/div>\n\t\t\t\t<\/div>\n\t\t","protected":false},"excerpt":{"rendered":"<p>Consultores en Tecnolog\u00eda Empresarial y Sistemas para el Cumplimiento Fiscal +20 a\u00f1os de experiencia Presencia Nacional | Variedad de Soluciones | T\u00e9cnicos Certificados PRODUCTOS CONTPAQi CURSOS Y SEMINARIOS SOPORTE T\u00c9CNICO DISTRIBUIDORES SYSOL Soluciones inteligentes para Procesos Contables, Comerciales, Productividad, Nube y m\u00e1s. Capac\u00edtate con uno de nuestros cursos y seminarios a tu personal y haz [&hellip;]<\/p>\n","protected":false},"author":1,"featured_media":43,"parent":0,"menu_order":0,"comment_status":"closed","ping_status":"closed","template":"elementor_header_footer","meta":{"footnotes":""},"class_list":["post-38","page","type-page","status-publish","has-post-thumbnail","hentry"],"_links":{"self":[{"href":"https:\/\/sistemasysoluciones.mx\/index.php\/wp-json\/wp\/v2\/pages\/38","targetHints":{"allow":["GET"]}}],"collection":[{"href":"https:\/\/sistemasysoluciones.mx\/index.php\/wp-json\/wp\/v2\/pages"}],"about":[{"href":"https:\/\/sistemasysoluciones.mx\/index.php\/wp-json\/wp\/v2\/types\/page"}],"author":[{"embeddable":true,"href":"https:\/\/sistemasysoluciones.mx\/index.php\/wp-json\/wp\/v2\/users\/1"}],"replies":[{"embeddable":true,"href":"https:\/\/sistemasysoluciones.mx\/index.php\/wp-json\/wp\/v2\/comments?post=38"}],"version-history":[{"count":5,"href":"https:\/\/sistemasysoluciones.mx\/index.php\/wp-json\/wp\/v2\/pages\/38\/revisions"}],"predecessor-version":[{"id":63,"href":"https:\/\/sistemasysoluciones.mx\/index.php\/wp-json\/wp\/v2\/pages\/38\/revisions\/63"}],"wp:featuredmedia":[{"embeddable":true,"href":"https:\/\/sistemasysoluciones.mx\/index.php\/wp-json\/wp\/v2\/media\/43"}],"wp:attachment":[{"href":"https:\/\/sistemasysoluciones.mx\/index.php\/wp-json\/wp\/v2\/media?parent=38"}],"curies":[{"name":"wp","href":"https:\/\/api.w.org\/{rel}","templated":true}]}}